{"id":101,"date":"2025-03-19T02:19:39","date_gmt":"2025-03-19T05:19:39","guid":{"rendered":"https:\/\/festivaldoimovel.com.br\/?page_id=101"},"modified":"2025-03-20T11:57:58","modified_gmt":"2025-03-20T14:57:58","slug":"contato","status":"publish","type":"page","link":"https:\/\/festivaldoimovel.com.br\/?page_id=101","title":{"rendered":"CONTATO"},"content":{"rendered":"\n<div style=\"height:39px\" aria-hidden=\"true\" class=\"wp-block-spacer\"><\/div>\n\n\n\n<div class=\"wp-block-columns is-layout-flex wp-container-core-columns-is-layout-28f84493 wp-block-columns-is-layout-flex\">\n<div class=\"wp-block-column is-layout-flow wp-block-column-is-layout-flow\" style=\"flex-basis:33.33%\">\n<div style=\"height:39px\" aria-hidden=\"true\" class=\"wp-block-spacer\"><\/div>\n<\/div>\n\n\n\n<div class=\"wp-block-column is-layout-flow wp-block-column-is-layout-flow\" style=\"flex-basis:66.66%\">\n<p class=\"has-text-color has-link-color wp-elements-aa131e6c7f7ab2fb706b4bed93334205\" style=\"color:#21476a\">Para outras informa\u00e7\u00f5es, entre em contato conosco:<\/p>\n\n\n\n<p class=\"has-text-color has-link-color wp-elements-219727c6560cfe2c95ee0967ad4d83e1\" style=\"color:#21476a\"><strong>Comercial<\/strong><\/p>\n\n\n\n<p class=\"contato-tab has-text-color has-link-color wp-elements-0b44d37f2a9ecb56e8b529b848a6d835\" style=\"color:#21476a\">Salete Soares<br>email: salete@2coeli.com.br<br>Tel. +55 48 98806-6361<br><br>Marina Rupp<br>(48) 99930-8747<br>marina@2coeli.com.br<\/p>\n\n\n\n<p class=\"has-text-color has-link-color wp-elements-503f5ea09a626ad17591ea5e31e52d8a\" style=\"color:#21476a\"><strong>Atendimento ao Expositor<\/strong><\/p>\n\n\n\n<p class=\"contato-tab has-text-color has-link-color wp-elements-8c271983a3b39651546a2d3c2572bfbc\" style=\"color:#21476a\">expositor@2coeli.com.br<\/p>\n\n\n\n<p class=\"has-text-color has-link-color wp-elements-c39f865af13cadb2ce36a4ac923b687e\" style=\"color:#21476a\"><strong>Financeiro<\/strong><\/p>\n\n\n\n<p class=\"contato-tab has-text-color has-link-color wp-elements-b21ecf93da7a9d02b3e146aea945a7ba\" style=\"color:#21476a\">Nat\u00e1lia Reche<br>email: producao@2coeli.com.br<br>Tel. +55 48 98829-3446<\/p>\n\n\n\n<p class=\"has-text-color has-link-color wp-elements-17bd0b5c8ebea8fa3c715e4874ace7b3\" style=\"color:#21476a\"><strong>Outras informa\u00e7\u00f5es<\/strong><\/p>\n\n\n\n<p class=\"contato-tab has-text-color has-link-color wp-elements-b3e9d4c239564f35221c75431e6fc977\" style=\"color:#21476a\">Sabrina Alves<br>email: sabrina@2coeli.com.br<br>Tel. +55 48 99949-7679<\/p>\n<\/div>\n<\/div>\n\n\n\n<div style=\"height:39px\" aria-hidden=\"true\" class=\"wp-block-spacer\"><\/div>\n","protected":false},"excerpt":{"rendered":"<p>Para outras informa\u00e7\u00f5es, entre em contato conosco: Comercial Salete Soaresemail: salete@2coeli.com.brTel. +55 48 98806-6361 Marina Rupp(48) 99930-8747marina@2coeli.com.br Atendimento ao Expositor expositor@2coeli.com.br Financeiro Nat\u00e1lia Recheemail: producao@2coeli.com.brTel. +55 48 98829-3446 Outras informa\u00e7\u00f5es Sabrina Alvesemail: sabrina@2coeli.com.brTel. +55 48 99949-7679<\/p>\n","protected":false},"author":1,"featured_media":0,"parent":0,"menu_order":7,"comment_status":"closed","ping_status":"closed","template":"","meta":{"footnotes":""},"class_list":["post-101","page","type-page","status-publish","hentry"],"_links":{"self":[{"href":"https:\/\/festivaldoimovel.com.br\/index.php?rest_route=\/wp\/v2\/pages\/101","targetHints":{"allow":["GET"]}}],"collection":[{"href":"https:\/\/festivaldoimovel.com.br\/index.php?rest_route=\/wp\/v2\/pages"}],"about":[{"href":"https:\/\/festivaldoimovel.com.br\/index.php?rest_route=\/wp\/v2\/types\/page"}],"author":[{"embeddable":true,"href":"https:\/\/festivaldoimovel.com.br\/index.php?rest_route=\/wp\/v2\/users\/1"}],"replies":[{"embeddable":true,"href":"https:\/\/festivaldoimovel.com.br\/index.php?rest_route=%2Fwp%2Fv2%2Fcomments&post=101"}],"version-history":[{"count":9,"href":"https:\/\/festivaldoimovel.com.br\/index.php?rest_route=\/wp\/v2\/pages\/101\/revisions"}],"predecessor-version":[{"id":353,"href":"https:\/\/festivaldoimovel.com.br\/index.php?rest_route=\/wp\/v2\/pages\/101\/revisions\/353"}],"wp:attachment":[{"href":"https:\/\/festivaldoimovel.com.br\/index.php?rest_route=%2Fwp%2Fv2%2Fmedia&parent=101"}],"curies":[{"name":"wp","href":"https:\/\/api.w.org\/{rel}","templated":true}]}}