{"id":3,"date":"2025-03-18T11:37:53","date_gmt":"2025-03-18T14:37:53","guid":{"rendered":"http:\/\/festivaldoimovel.com.br\/?page_id=3"},"modified":"2025-03-20T01:13:00","modified_gmt":"2025-03-20T04:13:00","slug":"sobre-o-evento","status":"publish","type":"page","link":"https:\/\/festivaldoimovel.com.br\/?page_id=3","title":{"rendered":"SOBRE"},"content":{"rendered":"\n<figure class=\"wp-block-image size-large is-resized\"><img loading=\"lazy\" decoding=\"async\" width=\"1024\" height=\"276\" src=\"https:\/\/festivaldoimovel.com.br\/wp-content\/uploads\/2025\/03\/banner_sobre-1024x276.png\" alt=\"\" class=\"wp-image-90\" style=\"width:1521px;height:auto\" srcset=\"https:\/\/festivaldoimovel.com.br\/wp-content\/uploads\/2025\/03\/banner_sobre-1024x276.png 1024w, https:\/\/festivaldoimovel.com.br\/wp-content\/uploads\/2025\/03\/banner_sobre-300x81.png 300w, https:\/\/festivaldoimovel.com.br\/wp-content\/uploads\/2025\/03\/banner_sobre-768x207.png 768w, https:\/\/festivaldoimovel.com.br\/wp-content\/uploads\/2025\/03\/banner_sobre-1536x413.png 1536w, https:\/\/festivaldoimovel.com.br\/wp-content\/uploads\/2025\/03\/banner_sobre.png 1642w\" sizes=\"auto, (max-width: 1024px) 100vw, 1024px\" \/><\/figure>\n\n\n\n<div class=\"wp-block-columns has-background is-layout-flex wp-container-core-columns-is-layout-28f84493 wp-block-columns-is-layout-flex\" style=\"background-color:#f5f5f3\">\n<div class=\"wp-block-column is-vertically-aligned-center is-layout-flow wp-container-core-column-is-layout-c43c6636 wp-block-column-is-layout-flow\" style=\"padding-right:0;padding-left:0;flex-basis:40%\">\n<h2 class=\"wp-block-heading has-text-align-right has-text-color has-link-color wp-elements-598db0d08de20a463c059233d0dd455a\" style=\"color:#21476a\"><strong>A MAIOR VITRINE DE IM\u00d3VEIS DA REGI\u00c3O<\/strong><\/h2>\n<\/div>\n\n\n\n<div class=\"wp-block-column is-layout-flow wp-block-column-is-layout-flow\" style=\"flex-basis:70%\">\n<div class=\"wp-block-group has-text-color has-link-color wp-elements-329f1a8b34469ec22ad18c347f7f6a2f has-global-padding is-layout-constrained wp-block-group-is-layout-constrained\" style=\"color:#21476a\">\n<p>O Festival do Im\u00f3vel \u00e9 o maior evento imobili\u00e1rio da r\u00e9gia, onde as construtoras, imobili\u00e1rias e institui\u00e7\u00f5es financeiras apresentam seus produtos aos clientes e ao p\u00fablico em geral.<\/p>\n\n\n\n<p>\u00c9 uma oportunidade para realizar o sonho da casa pr\u00f3pria, de se mudar ou para que investidores encontrem excelentes neg\u00f3cios.<\/p>\n\n\n\n<p>\u00c9 tamb\u00e9m uma chance \u00fanica no ano de obter descontos e oportunidades de negocia\u00e7\u00e3o mais flex\u00edveis, fatores essenciais para fechar um \u00f3timo neg\u00f3cio.<\/p>\n\n\n\n<p>Nessa edi\u00e7\u00e3o de 2025 tamb\u00e9m teremos o Feiralar com super novidades para o seu novo lar.<\/p>\n\n\n\n<p>N\u00e3o perca uma chance. Marque na sua agenda.<\/p>\n<\/div>\n<\/div>\n<\/div>\n","protected":false},"excerpt":{"rendered":"<p>A MAIOR VITRINE DE IM\u00d3VEIS DA REGI\u00c3O O Festival do Im\u00f3vel \u00e9 o maior evento imobili\u00e1rio da r\u00e9gia, onde as construtoras, imobili\u00e1rias e institui\u00e7\u00f5es financeiras apresentam seus produtos aos clientes e ao p\u00fablico em geral. \u00c9 uma oportunidade para realizar o sonho da casa pr\u00f3pria, de se mudar ou para que investidores encontrem excelentes neg\u00f3cios. [&hellip;]<\/p>\n","protected":false},"author":1,"featured_media":0,"parent":0,"menu_order":2,"comment_status":"closed","ping_status":"closed","template":"","meta":{"footnotes":""},"class_list":["post-3","page","type-page","status-publish","hentry"],"_links":{"self":[{"href":"https:\/\/festivaldoimovel.com.br\/index.php?rest_route=\/wp\/v2\/pages\/3","targetHints":{"allow":["GET"]}}],"collection":[{"href":"https:\/\/festivaldoimovel.com.br\/index.php?rest_route=\/wp\/v2\/pages"}],"about":[{"href":"https:\/\/festivaldoimovel.com.br\/index.php?rest_route=\/wp\/v2\/types\/page"}],"author":[{"embeddable":true,"href":"https:\/\/festivaldoimovel.com.br\/index.php?rest_route=\/wp\/v2\/users\/1"}],"replies":[{"embeddable":true,"href":"https:\/\/festivaldoimovel.com.br\/index.php?rest_route=%2Fwp%2Fv2%2Fcomments&post=3"}],"version-history":[{"count":13,"href":"https:\/\/festivaldoimovel.com.br\/index.php?rest_route=\/wp\/v2\/pages\/3\/revisions"}],"predecessor-version":[{"id":237,"href":"https:\/\/festivaldoimovel.com.br\/index.php?rest_route=\/wp\/v2\/pages\/3\/revisions\/237"}],"wp:attachment":[{"href":"https:\/\/festivaldoimovel.com.br\/index.php?rest_route=%2Fwp%2Fv2%2Fmedia&parent=3"}],"curies":[{"name":"wp","href":"https:\/\/api.w.org\/{rel}","templated":true}]}}